{"id":487,"date":"2024-06-08T18:51:34","date_gmt":"2024-06-08T21:51:34","guid":{"rendered":"https:\/\/tepedino.adv.br\/site\/?page_id=487"},"modified":"2024-06-27T07:22:14","modified_gmt":"2024-06-27T10:22:14","slug":"inicial","status":"publish","type":"page","link":"https:\/\/tepedino.adv.br\/it\/","title":{"rendered":"Inicial"},"content":{"rendered":"\t\t<div data-elementor-type=\"wp-page\" data-elementor-id=\"487\" class=\"elementor elementor-487 elementor-52\" data-elementor-settings=\"{&quot;ha_cmc_init_switcher&quot;:&quot;no&quot;}\" data-elementor-post-type=\"page\">\n\t\t\t\t<div class=\"elementor-element elementor-element-b26f51b animated-fast e-flex e-con-boxed elementor-invisible e-con e-parent\" data-id=\"b26f51b\" data-element_type=\"container\" data-e-type=\"container\" data-settings=\"{&quot;background_background&quot;:&quot;classic&quot;,&quot;animation&quot;:&quot;fadeInDown&quot;,&quot;_ha_eqh_enable&quot;:false}\">\n\t\t\t\t\t<div class=\"e-con-inner\">\n\t\t\t\t\t<\/div>\n\t\t\t\t<\/div>\n\t\t<div class=\"elementor-element elementor-element-adad6e0 e-flex e-con-boxed e-con e-parent\" data-id=\"adad6e0\" data-element_type=\"container\" data-e-type=\"container\" data-settings=\"{&quot;background_background&quot;:&quot;gradient&quot;,&quot;_ha_eqh_enable&quot;:false}\">\n\t\t\t\t\t<div class=\"e-con-inner\">\n\t\t\t\t<div class=\"elementor-element elementor-element-debce45 elementor-widget__width-initial elementor-widget elementor-widget-image\" data-id=\"debce45\" data-element_type=\"widget\" data-e-type=\"widget\" data-widget_type=\"image.default\">\n\t\t\t\t<div class=\"elementor-widget-container\">\n\t\t\t\t\t\t\t\t\t\t\t\t\t\t\t<img fetchpriority=\"high\" decoding=\"async\" width=\"495\" height=\"386\" src=\"https:\/\/tepedino.adv.br\/site\/wp-content\/uploads\/2024\/06\/foto-home-1.jpg\" class=\"attachment-large size-large wp-image-144\" alt=\"\" srcset=\"https:\/\/tepedino.adv.br\/site\/wp-content\/uploads\/2024\/06\/foto-home-1.jpg 495w, https:\/\/tepedino.adv.br\/site\/wp-content\/uploads\/2024\/06\/foto-home-1-300x234.jpg 300w\" sizes=\"(max-width: 495px) 100vw, 495px\" \/>\t\t\t\t\t\t\t\t\t\t\t\t\t\t\t<\/div>\n\t\t\t\t<\/div>\n\t\t\t\t<div class=\"elementor-element elementor-element-aa160f7 elementor-widget__width-initial elementor-widget elementor-widget-image\" data-id=\"aa160f7\" data-element_type=\"widget\" data-e-type=\"widget\" data-widget_type=\"image.default\">\n\t\t\t\t<div class=\"elementor-widget-container\">\n\t\t\t\t\t\t\t\t\t\t\t\t\t\t\t<img decoding=\"async\" width=\"495\" height=\"386\" src=\"https:\/\/tepedino.adv.br\/site\/wp-content\/uploads\/2024\/06\/foto-home-2.jpg\" class=\"attachment-large size-large wp-image-147\" alt=\"\" srcset=\"https:\/\/tepedino.adv.br\/site\/wp-content\/uploads\/2024\/06\/foto-home-2.jpg 495w, https:\/\/tepedino.adv.br\/site\/wp-content\/uploads\/2024\/06\/foto-home-2-300x234.jpg 300w\" sizes=\"(max-width: 495px) 100vw, 495px\" \/>\t\t\t\t\t\t\t\t\t\t\t\t\t\t\t<\/div>\n\t\t\t\t<\/div>\n\t\t\t\t<div class=\"elementor-element elementor-element-dfb5ccf elementor-widget__width-initial elementor-widget elementor-widget-text-editor\" data-id=\"dfb5ccf\" data-element_type=\"widget\" data-e-type=\"widget\" data-widget_type=\"text-editor.default\">\n\t\t\t\t<div class=\"elementor-widget-container\">\n\t\t\t\t\t\t\t\t\t<p>Gustavo Tepedino Advogados ha come scopo offrire soluzioni personalizzate, efficaci e di eccellenza ai suoi clienti, alleando la conoscenza tecnica e la consolidata esperienza nella pratica avvocatizia in materie relative soprattutto al diritto civile e aziendale, negli ambiti nazionale e internazionale.<\/p><p>Lo Studio GTA attua nell\u2019elaborazione, lo sviluppo e il coordinamento delle strategie di diritto materiale e processuale che permettono di soddisfare a pieno gli interessi dei suoi clienti, offrendo soluzioni agili e personalizzate alle loro domande e alle necessit\u00e0 di ogni affare.<\/p>\t\t\t\t\t\t\t\t<\/div>\n\t\t\t\t<\/div>\n\t\t\t\t\t<\/div>\n\t\t\t\t<\/div>\n\t\t<div class=\"elementor-element elementor-element-3e279be e-flex e-con-boxed e-con e-parent\" data-id=\"3e279be\" data-element_type=\"container\" data-e-type=\"container\" data-settings=\"{&quot;_ha_eqh_enable&quot;:false}\">\n\t\t\t\t\t<div class=\"e-con-inner\">\n\t\t\t\t<div class=\"elementor-element elementor-element-5bb3cd5 elementor-widget elementor-widget-heading\" data-id=\"5bb3cd5\" data-element_type=\"widget\" data-e-type=\"widget\" data-widget_type=\"heading.default\">\n\t\t\t\t<div class=\"elementor-widget-container\">\n\t\t\t\t\t<h3 class=\"elementor-heading-title elementor-size-default\">Iscriviti alla nostra Newsletter<\/h3>\t\t\t\t<\/div>\n\t\t\t\t<\/div>\n\t\t\t\t<div class=\"elementor-element elementor-element-0f30702 elementor-widget elementor-widget-text-editor\" data-id=\"0f30702\" data-element_type=\"widget\" data-e-type=\"widget\" data-widget_type=\"text-editor.default\">\n\t\t\t\t<div class=\"elementor-widget-container\">\n\t\t\t\t\t\t\t\t\t<p>Stiamo costruendo una comunit\u00e0 per la futura curatela di materiale sulle nostre aree di competenza. Se sei interessato a partecipare iscriviti qui:<\/p>\t\t\t\t\t\t\t\t<\/div>\n\t\t\t\t<\/div>\n\t\t\t\t<div class=\"elementor-element elementor-element-9780338 elementor-button-align-stretch elementor-widget elementor-widget-form\" data-id=\"9780338\" data-element_type=\"widget\" data-e-type=\"widget\" data-settings=\"{&quot;button_width&quot;:&quot;33&quot;,&quot;step_next_label&quot;:&quot;Next&quot;,&quot;step_previous_label&quot;:&quot;Previous&quot;,&quot;step_type&quot;:&quot;number_text&quot;,&quot;step_icon_shape&quot;:&quot;circle&quot;}\" data-widget_type=\"form.default\">\n\t\t\t\t<div class=\"elementor-widget-container\">\n\t\t\t\t\t\t\t<form class=\"elementor-form\" method=\"post\" name=\"Cadastro newsletter\" aria-label=\"Cadastro newsletter\">\n\t\t\t<input type=\"hidden\" name=\"post_id\" value=\"487\"\/>\n\t\t\t<input type=\"hidden\" name=\"form_id\" value=\"9780338\"\/>\n\t\t\t<input type=\"hidden\" name=\"referer_title\" value=\"Gustavo Tepedino Advogados\" \/>\n\n\t\t\t\n\t\t\t<div class=\"elementor-form-fields-wrapper elementor-labels-\">\n\t\t\t\t\t\t\t\t<div class=\"elementor-field-type-text elementor-field-group elementor-column elementor-field-group-name elementor-col-33\">\n\t\t\t\t\t\t\t\t\t\t\t\t<label for=\"form-field-name\" class=\"elementor-field-label elementor-screen-only\">\n\t\t\t\t\t\t\t\tNome\t\t\t\t\t\t\t<\/label>\n\t\t\t\t\t\t\t\t\t\t\t\t\t\t<input size=\"1\" type=\"text\" name=\"form_fields[name]\" id=\"form-field-name\" class=\"elementor-field elementor-size-md  elementor-field-textual\" placeholder=\"Nome\">\n\t\t\t\t\t\t\t\t\t\t\t<\/div>\n\t\t\t\t\t\t\t\t<div class=\"elementor-field-type-email elementor-field-group elementor-column elementor-field-group-email elementor-col-33 elementor-field-required\">\n\t\t\t\t\t\t\t\t\t\t\t\t<label for=\"form-field-email\" class=\"elementor-field-label elementor-screen-only\">\n\t\t\t\t\t\t\t\tE-mail\t\t\t\t\t\t\t<\/label>\n\t\t\t\t\t\t\t\t\t\t\t\t\t\t<input size=\"1\" type=\"email\" name=\"form_fields[email]\" id=\"form-field-email\" class=\"elementor-field elementor-size-md  elementor-field-textual\" placeholder=\"E-mail\" required=\"required\">\n\t\t\t\t\t\t\t\t\t\t\t<\/div>\n\t\t\t\t\t\t\t\t<div class=\"elementor-field-group elementor-column elementor-field-type-submit elementor-col-33 e-form__buttons\">\n\t\t\t\t\t<button class=\"elementor-button elementor-size-md\" type=\"submit\">\n\t\t\t\t\t\t<span class=\"elementor-button-content-wrapper\">\n\t\t\t\t\t\t\t\t\t\t\t\t\t\t\t\t\t\t\t\t\t\t<span class=\"elementor-button-text\">Registrati<\/span>\n\t\t\t\t\t\t\t\t\t\t\t\t\t<\/span>\n\t\t\t\t\t<\/button>\n\t\t\t\t<\/div>\n\t\t\t<\/div>\n\t\t<\/form>\n\t\t\t\t\t\t<\/div>\n\t\t\t\t<\/div>\n\t\t\t\t\t<\/div>\n\t\t\t\t<\/div>\n\t\t\t\t<\/div>\n\t\t","protected":false},"excerpt":{"rendered":"<p>Gustavo Tepedino Advogados ha come scopo offrire soluzioni personalizzate, efficaci e di eccellenza ai suoi clienti, alleando la conoscenza tecnica e la consolidata esperienza nella pratica avvocatizia in materie relative soprattutto al diritto civile e aziendale, negli ambiti nazionale e internazionale. Lo Studio GTA attua nell\u2019elaborazione, lo sviluppo e il coordinamento delle strategie di diritto [&hellip;]<\/p>\n","protected":false},"author":1,"featured_media":0,"parent":0,"menu_order":0,"comment_status":"closed","ping_status":"closed","template":"","meta":{"footnotes":""},"class_list":["post-487","page","type-page","status-publish","hentry"],"yoast_head":"<!-- This site is optimized with the Yoast SEO plugin v27.4 - https:\/\/yoast.com\/product\/yoast-seo-wordpress\/ -->\n<title>Inicial - Gustavo Tepedino Advogados<\/title>\n<meta name=\"robots\" content=\"index, follow, max-snippet:-1, max-image-preview:large, max-video-preview:-1\" \/>\n<link rel=\"canonical\" href=\"https:\/\/tepedino.adv.br\/\" \/>\n<meta property=\"og:locale\" content=\"it_IT\" \/>\n<meta property=\"og:type\" content=\"article\" \/>\n<meta property=\"og:title\" content=\"Inicial - Gustavo Tepedino Advogados\" \/>\n<meta property=\"og:description\" content=\"Gustavo Tepedino Advogados ha come scopo offrire soluzioni personalizzate, efficaci e di eccellenza ai suoi clienti, alleando la conoscenza tecnica e la consolidata esperienza nella pratica avvocatizia in materie relative soprattutto al diritto civile e aziendale, negli ambiti nazionale e internazionale. Lo Studio GTA attua nell\u2019elaborazione, lo sviluppo e il coordinamento delle strategie di diritto [&hellip;]\" \/>\n<meta property=\"og:url\" content=\"https:\/\/tepedino.adv.br\/\" \/>\n<meta property=\"og:site_name\" content=\"Gustavo Tepedino Advogados\" \/>\n<meta property=\"article:modified_time\" content=\"2024-06-27T10:22:14+00:00\" \/>\n<meta property=\"og:image\" content=\"https:\/\/tepedino.adv.br\/site\/wp-content\/uploads\/2024\/06\/foto-home-1.jpg\" \/>\n\t<meta property=\"og:image:width\" content=\"495\" \/>\n\t<meta property=\"og:image:height\" content=\"386\" \/>\n\t<meta property=\"og:image:type\" content=\"image\/jpeg\" \/>\n<meta name=\"twitter:card\" content=\"summary_large_image\" \/>\n<meta name=\"twitter:label1\" content=\"Tempo di lettura stimato\" \/>\n\t<meta name=\"twitter:data1\" content=\"1 minuto\" \/>\n<script type=\"application\/ld+json\" class=\"yoast-schema-graph\">{\"@context\":\"https:\\\/\\\/schema.org\",\"@graph\":[{\"@type\":\"WebPage\",\"@id\":\"https:\\\/\\\/tepedino.adv.br\\\/\",\"url\":\"https:\\\/\\\/tepedino.adv.br\\\/\",\"name\":\"Inicial - Gustavo Tepedino Advogados\",\"isPartOf\":{\"@id\":\"https:\\\/\\\/tepedino.adv.br\\\/#website\"},\"primaryImageOfPage\":{\"@id\":\"https:\\\/\\\/tepedino.adv.br\\\/#primaryimage\"},\"image\":{\"@id\":\"https:\\\/\\\/tepedino.adv.br\\\/#primaryimage\"},\"thumbnailUrl\":\"https:\\\/\\\/tepedino.adv.br\\\/site\\\/wp-content\\\/uploads\\\/2024\\\/06\\\/foto-home-1.jpg\",\"datePublished\":\"2024-06-08T21:51:34+00:00\",\"dateModified\":\"2024-06-27T10:22:14+00:00\",\"breadcrumb\":{\"@id\":\"https:\\\/\\\/tepedino.adv.br\\\/#breadcrumb\"},\"inLanguage\":\"it-IT\",\"potentialAction\":[{\"@type\":\"ReadAction\",\"target\":[\"https:\\\/\\\/tepedino.adv.br\\\/\"]}]},{\"@type\":\"ImageObject\",\"inLanguage\":\"it-IT\",\"@id\":\"https:\\\/\\\/tepedino.adv.br\\\/#primaryimage\",\"url\":\"https:\\\/\\\/tepedino.adv.br\\\/site\\\/wp-content\\\/uploads\\\/2024\\\/06\\\/foto-home-1.jpg\",\"contentUrl\":\"https:\\\/\\\/tepedino.adv.br\\\/site\\\/wp-content\\\/uploads\\\/2024\\\/06\\\/foto-home-1.jpg\"},{\"@type\":\"BreadcrumbList\",\"@id\":\"https:\\\/\\\/tepedino.adv.br\\\/#breadcrumb\",\"itemListElement\":[{\"@type\":\"ListItem\",\"position\":1,\"name\":\"In\u00edcio\",\"item\":\"https:\\\/\\\/tepedino.adv.br\\\/\"},{\"@type\":\"ListItem\",\"position\":2,\"name\":\"Inicial\"}]},{\"@type\":\"WebSite\",\"@id\":\"https:\\\/\\\/tepedino.adv.br\\\/#website\",\"url\":\"https:\\\/\\\/tepedino.adv.br\\\/\",\"name\":\"Gustavo Tepedino Advogados\",\"description\":\"Gustavo Tepedino Advogados tem como prop\u00f3sito oferecer solu\u00e7\u00f5es personalizadas, eficientes e de excel\u00eancia aos seus clientes, aliando elevado conhecimento t\u00e9cnico e consolidada experi\u00eancia na pr\u00e1tica da advocacia em mat\u00e9rias relacionadas especialmente ao direito civil e empresarial, nos \u00e2mbitos nacional e internacional.\",\"publisher\":{\"@id\":\"https:\\\/\\\/tepedino.adv.br\\\/#organization\"},\"potentialAction\":[{\"@type\":\"SearchAction\",\"target\":{\"@type\":\"EntryPoint\",\"urlTemplate\":\"https:\\\/\\\/tepedino.adv.br\\\/?s={search_term_string}\"},\"query-input\":{\"@type\":\"PropertyValueSpecification\",\"valueRequired\":true,\"valueName\":\"search_term_string\"}}],\"inLanguage\":\"it-IT\"},{\"@type\":\"Organization\",\"@id\":\"https:\\\/\\\/tepedino.adv.br\\\/#organization\",\"name\":\"Gustavo Tepedino Advogados\",\"url\":\"https:\\\/\\\/tepedino.adv.br\\\/\",\"logo\":{\"@type\":\"ImageObject\",\"inLanguage\":\"it-IT\",\"@id\":\"https:\\\/\\\/tepedino.adv.br\\\/#\\\/schema\\\/logo\\\/image\\\/\",\"url\":\"https:\\\/\\\/tepedino.adv.br\\\/site\\\/wp-content\\\/uploads\\\/2024\\\/07\\\/favicon.jpg\",\"contentUrl\":\"https:\\\/\\\/tepedino.adv.br\\\/site\\\/wp-content\\\/uploads\\\/2024\\\/07\\\/favicon.jpg\",\"width\":512,\"height\":512,\"caption\":\"Gustavo Tepedino Advogados\"},\"image\":{\"@id\":\"https:\\\/\\\/tepedino.adv.br\\\/#\\\/schema\\\/logo\\\/image\\\/\"},\"sameAs\":[\"https:\\\/\\\/br.linkedin.com\\\/company\\\/gustavo-tepedino-advogados\",\"https:\\\/\\\/www.instagram.com\\\/gustavotepedinoadv\\\/\"]}]}<\/script>\n<!-- \/ Yoast SEO plugin. -->","yoast_head_json":{"title":"Inicial - Gustavo Tepedino Advogados","robots":{"index":"index","follow":"follow","max-snippet":"max-snippet:-1","max-image-preview":"max-image-preview:large","max-video-preview":"max-video-preview:-1"},"canonical":"https:\/\/tepedino.adv.br\/","og_locale":"it_IT","og_type":"article","og_title":"Inicial - Gustavo Tepedino Advogados","og_description":"Gustavo Tepedino Advogados ha come scopo offrire soluzioni personalizzate, efficaci e di eccellenza ai suoi clienti, alleando la conoscenza tecnica e la consolidata esperienza nella pratica avvocatizia in materie relative soprattutto al diritto civile e aziendale, negli ambiti nazionale e internazionale. Lo Studio GTA attua nell\u2019elaborazione, lo sviluppo e il coordinamento delle strategie di diritto [&hellip;]","og_url":"https:\/\/tepedino.adv.br\/","og_site_name":"Gustavo Tepedino Advogados","article_modified_time":"2024-06-27T10:22:14+00:00","og_image":[{"width":495,"height":386,"url":"https:\/\/tepedino.adv.br\/site\/wp-content\/uploads\/2024\/06\/foto-home-1.jpg","type":"image\/jpeg"}],"twitter_card":"summary_large_image","twitter_misc":{"Tempo di lettura stimato":"1 minuto"},"schema":{"@context":"https:\/\/schema.org","@graph":[{"@type":"WebPage","@id":"https:\/\/tepedino.adv.br\/","url":"https:\/\/tepedino.adv.br\/","name":"Inicial - Gustavo Tepedino Advogados","isPartOf":{"@id":"https:\/\/tepedino.adv.br\/#website"},"primaryImageOfPage":{"@id":"https:\/\/tepedino.adv.br\/#primaryimage"},"image":{"@id":"https:\/\/tepedino.adv.br\/#primaryimage"},"thumbnailUrl":"https:\/\/tepedino.adv.br\/site\/wp-content\/uploads\/2024\/06\/foto-home-1.jpg","datePublished":"2024-06-08T21:51:34+00:00","dateModified":"2024-06-27T10:22:14+00:00","breadcrumb":{"@id":"https:\/\/tepedino.adv.br\/#breadcrumb"},"inLanguage":"it-IT","potentialAction":[{"@type":"ReadAction","target":["https:\/\/tepedino.adv.br\/"]}]},{"@type":"ImageObject","inLanguage":"it-IT","@id":"https:\/\/tepedino.adv.br\/#primaryimage","url":"https:\/\/tepedino.adv.br\/site\/wp-content\/uploads\/2024\/06\/foto-home-1.jpg","contentUrl":"https:\/\/tepedino.adv.br\/site\/wp-content\/uploads\/2024\/06\/foto-home-1.jpg"},{"@type":"BreadcrumbList","@id":"https:\/\/tepedino.adv.br\/#breadcrumb","itemListElement":[{"@type":"ListItem","position":1,"name":"In\u00edcio","item":"https:\/\/tepedino.adv.br\/"},{"@type":"ListItem","position":2,"name":"Inicial"}]},{"@type":"WebSite","@id":"https:\/\/tepedino.adv.br\/#website","url":"https:\/\/tepedino.adv.br\/","name":"Gustavo Tepedino Advogados","description":"Gustavo Tepedino Advogados tem como prop\u00f3sito oferecer solu\u00e7\u00f5es personalizadas, eficientes e de excel\u00eancia aos seus clientes, aliando elevado conhecimento t\u00e9cnico e consolidada experi\u00eancia na pr\u00e1tica da advocacia em mat\u00e9rias relacionadas especialmente ao direito civil e empresarial, nos \u00e2mbitos nacional e internacional.","publisher":{"@id":"https:\/\/tepedino.adv.br\/#organization"},"potentialAction":[{"@type":"SearchAction","target":{"@type":"EntryPoint","urlTemplate":"https:\/\/tepedino.adv.br\/?s={search_term_string}"},"query-input":{"@type":"PropertyValueSpecification","valueRequired":true,"valueName":"search_term_string"}}],"inLanguage":"it-IT"},{"@type":"Organization","@id":"https:\/\/tepedino.adv.br\/#organization","name":"Gustavo Tepedino Advogados","url":"https:\/\/tepedino.adv.br\/","logo":{"@type":"ImageObject","inLanguage":"it-IT","@id":"https:\/\/tepedino.adv.br\/#\/schema\/logo\/image\/","url":"https:\/\/tepedino.adv.br\/site\/wp-content\/uploads\/2024\/07\/favicon.jpg","contentUrl":"https:\/\/tepedino.adv.br\/site\/wp-content\/uploads\/2024\/07\/favicon.jpg","width":512,"height":512,"caption":"Gustavo Tepedino Advogados"},"image":{"@id":"https:\/\/tepedino.adv.br\/#\/schema\/logo\/image\/"},"sameAs":["https:\/\/br.linkedin.com\/company\/gustavo-tepedino-advogados","https:\/\/www.instagram.com\/gustavotepedinoadv\/"]}]}},"_links":{"self":[{"href":"https:\/\/tepedino.adv.br\/it\/wp-json\/wp\/v2\/pages\/487","targetHints":{"allow":["GET"]}}],"collection":[{"href":"https:\/\/tepedino.adv.br\/it\/wp-json\/wp\/v2\/pages"}],"about":[{"href":"https:\/\/tepedino.adv.br\/it\/wp-json\/wp\/v2\/types\/page"}],"author":[{"embeddable":true,"href":"https:\/\/tepedino.adv.br\/it\/wp-json\/wp\/v2\/users\/1"}],"replies":[{"embeddable":true,"href":"https:\/\/tepedino.adv.br\/it\/wp-json\/wp\/v2\/comments?post=487"}],"version-history":[{"count":10,"href":"https:\/\/tepedino.adv.br\/it\/wp-json\/wp\/v2\/pages\/487\/revisions"}],"predecessor-version":[{"id":639,"href":"https:\/\/tepedino.adv.br\/it\/wp-json\/wp\/v2\/pages\/487\/revisions\/639"}],"wp:attachment":[{"href":"https:\/\/tepedino.adv.br\/it\/wp-json\/wp\/v2\/media?parent=487"}],"curies":[{"name":"wp","href":"https:\/\/api.w.org\/{rel}","templated":true}]}}