{"id":482,"date":"2024-06-08T11:34:04","date_gmt":"2024-06-08T14:34:04","guid":{"rendered":"https:\/\/tepedino.adv.br\/site\/?page_id=482"},"modified":"2024-06-25T15:18:07","modified_gmt":"2024-06-25T18:18:07","slug":"aree-di-attuzione","status":"publish","type":"page","link":"https:\/\/tepedino.adv.br\/it\/aree-di-attuzione\/","title":{"rendered":"Aree di Attuzione"},"content":{"rendered":"\t\t<div data-elementor-type=\"wp-page\" data-elementor-id=\"482\" class=\"elementor elementor-482 elementor-38\" data-elementor-settings=\"{&quot;ha_cmc_init_switcher&quot;:&quot;no&quot;}\" data-elementor-post-type=\"page\">\n\t\t\t\t<div class=\"elementor-element elementor-element-647c819 e-flex e-con-boxed e-con e-parent\" data-id=\"647c819\" data-element_type=\"container\" data-e-type=\"container\" data-settings=\"{&quot;background_background&quot;:&quot;classic&quot;,&quot;_ha_eqh_enable&quot;:false}\">\n\t\t\t\t\t<div class=\"e-con-inner\">\n\t\t\t\t<div class=\"elementor-element elementor-element-9f8c50f elementor-widget elementor-widget-heading\" data-id=\"9f8c50f\" data-element_type=\"widget\" data-e-type=\"widget\" data-widget_type=\"heading.default\">\n\t\t\t\t<div class=\"elementor-widget-container\">\n\t\t\t\t\t<h2 class=\"elementor-heading-title elementor-size-default\">Aree di Attuzione<\/h2>\t\t\t\t<\/div>\n\t\t\t\t<\/div>\n\t\t\t\t\t<\/div>\n\t\t\t\t<\/div>\n\t\t<div class=\"elementor-element elementor-element-5510463 e-flex e-con-boxed e-con e-parent\" data-id=\"5510463\" data-element_type=\"container\" data-e-type=\"container\" data-settings=\"{&quot;_ha_eqh_enable&quot;:false}\">\n\t\t\t\t\t<div class=\"e-con-inner\">\n\t\t\t\t<div class=\"elementor-element elementor-element-2e65e1d elementor-widget elementor-widget-text-editor\" data-id=\"2e65e1d\" data-element_type=\"widget\" data-e-type=\"widget\" data-widget_type=\"text-editor.default\">\n\t\t\t\t<div class=\"elementor-widget-container\">\n\t\t\t\t\t\t\t\t\t<h3>Pareri e opinioni legali<\/h3><p>Il socio fondatore Gustavo Tepedino, come pure gli altri professori membri dello studio, ha acquisito una vasta esperienza nell\u2019elaborazione di trattative, processi giudiziali e arbitrali, nazionali e internazionali, avendo una consolidata attuazione come <em>expert<\/em> <em>witnesses<\/em>. Tanto i pareri singolarmente quanto le opinioni legali elaborate dallo studio sono riferimento d\u2019appoggio rilevante per la soddisfazione alle normative di <em>compliance<\/em>, per la prevenzione di liti, e per il contenzioso strategico arbitrale e giudiziale<\/p>\t\t\t\t\t\t\t\t<\/div>\n\t\t\t\t<\/div>\n\t\t\t\t<div class=\"elementor-element elementor-element-a683204 elementor-widget elementor-widget-text-editor\" data-id=\"a683204\" data-element_type=\"widget\" data-e-type=\"widget\" data-widget_type=\"text-editor.default\">\n\t\t\t\t<div class=\"elementor-widget-container\">\n\t\t\t\t\t\t\t\t\t<h3>Mediazione dell\u2019Arbitrato<\/h3><p>GTA ha una consolidata attuazione nel patrocinio dei suoi clienti in procedure di arbitrato nazionali e internazionali. Lo studio assiste nell\u2019elaborazione di clausole compromissarie; partecipa nell\u2019esecuzione di strategie processuali e materiali; partecipa nella pianificazione ed esecuzione di strategie processuali e materiali; fornisce assistenza giuridica, con la presentazione di pareri tecnici e deposizioni come testimone tecnico (<em>expert witness<\/em>). Il socio Gustavo Tepedino, come pure gli altri professori membri dello studio, ha uma vasta esperienza come mediatore ed arbitro in liti nazionali e internazionali.<\/p>\t\t\t\t\t\t\t\t<\/div>\n\t\t\t\t<\/div>\n\t\t\t\t<div class=\"elementor-element elementor-element-1dceebb elementor-widget elementor-widget-text-editor\" data-id=\"1dceebb\" data-element_type=\"widget\" data-e-type=\"widget\" data-widget_type=\"text-editor.default\">\n\t\t\t\t<div class=\"elementor-widget-container\">\n\t\t\t\t\t\t\t\t\t<h3>Contenzioso Strategico<\/h3><p>GTA ha una vasta esperienza nel contenzioso strategico, con foco nelle aree civili e aziendali.<\/p><p>La sua attuazione comprende il patrocinio innanzi agli organi giudiziali e amministrativi in tutte le sfere e civili e aziendali.<\/p><p>La sua attuazione comprende il patrocinio presso gli organi giudiziali e amministrativi in tutte le sfere e gradi.<\/p><p>GTA da assistenza nella pianificazione ed esecuzione di strategie processuali e materiali; valuta costantemente la possibilit\u00e0 e la convenienza di soluzione consensuale per la lite; accompagna e discute costantemente l\u2019evoluzione di ogni processo e le sue ripercussioni per la posizione del cliente.<\/p>\t\t\t\t\t\t\t\t<\/div>\n\t\t\t\t<\/div>\n\t\t\t\t<div class=\"elementor-element elementor-element-5cb0791 elementor-widget elementor-widget-text-editor\" data-id=\"5cb0791\" data-element_type=\"widget\" data-e-type=\"widget\" data-widget_type=\"text-editor.default\">\n\t\t\t\t<div class=\"elementor-widget-container\">\n\t\t\t\t\t\t\t\t\t<h3>Attuazione Consultiva<\/h3><p>GTA ha una vasta esperienza nell\u2019area consultiva, soprattutto in materia civile e aziendale. Lo studio fornisce opinioni giuridiche ai suoi clienti, sottoscritte dai suoi membri, con l\u2019appoggio giuridico per la presa di decisioni aziendali strategiche. GTA fornisce l\u2019analisi del rischio relativa alla lite attuale o futura; partecipa delle trattative; elabora e controlla contratti; struttura operazioni; sviluppa e controlla programmi di <em>compliance<\/em>; presta consulenza all\u2019adeguamento alla LGPD, ed altre innovazioni legislative; oltre a promuovere corsi di formazione <em>in company<\/em>. L\u2019integrazione dell\u2019area consultiva con la contenziosa offre sicurezza al cliente nei diversi fronti di attuazione. Permette, inoltre, di anticipare le prospettive di eventuali liti, per evitarle o diminuire lo spettro di divergenza.<\/p>\t\t\t\t\t\t\t\t<\/div>\n\t\t\t\t<\/div>\n\t\t\t\t<div class=\"elementor-element elementor-element-f82817f elementor-widget elementor-widget-text-editor\" data-id=\"f82817f\" data-element_type=\"widget\" data-e-type=\"widget\" data-widget_type=\"text-editor.default\">\n\t\t\t\t<div class=\"elementor-widget-container\">\n\t\t\t\t\t\t\t\t\t<h3>Si evidenziano tra le aree offerte dallo studio:<\/h3><ul><li>Azioni collettive<\/li><li>Attuazione Consultiva<\/li><li>Agrobusiness<\/li><li>Arbitrato<\/li><li><em>Compliance<\/em> e protezione di dati personali<\/li><li>Contratti elettronici<\/li><li>Contenzioso Strategico Civile e aziendale<\/li><li>Diritto bancario e servizi finanziari<\/li><li>Diritto immobiliare<\/li><li>Elaborazione e ristrutturazione di affari e operazioni di credito<\/li><li>Formazione di precedenti nei tribunali<\/li><li>Liti societarie<\/li><li>Mercato finanziario e di capitali<\/li><li>Pareri<\/li><li>Recupero credito giudiziale e extragiudiziale<\/li><li>Soluzione di conflitti e mediazione<\/li><\/ul>\t\t\t\t\t\t\t\t<\/div>\n\t\t\t\t<\/div>\n\t\t\t\t\t<\/div>\n\t\t\t\t<\/div>\n\t\t\t\t<\/div>\n\t\t","protected":false},"excerpt":{"rendered":"<p>Pareri e opinioni legali Il socio fondatore Gustavo Tepedino, come pure gli altri professori membri dello studio, ha acquisito una vasta esperienza nell\u2019elaborazione di trattative, processi giudiziali e arbitrali, nazionali e internazionali, avendo una consolidata attuazione come expert witnesses. Tanto i pareri singolarmente quanto le opinioni legali elaborate dallo studio sono riferimento d\u2019appoggio rilevante per [&hellip;]<\/p>\n","protected":false},"author":1,"featured_media":0,"parent":0,"menu_order":0,"comment_status":"closed","ping_status":"closed","template":"","meta":{"footnotes":""},"class_list":["post-482","page","type-page","status-publish","hentry"],"yoast_head":"<!-- This site is optimized with the Yoast SEO plugin v27.5 - https:\/\/yoast.com\/product\/yoast-seo-wordpress\/ -->\n<title>Aree di Attuzione - Gustavo Tepedino Advogados<\/title>\n<meta name=\"robots\" content=\"index, follow, max-snippet:-1, max-image-preview:large, max-video-preview:-1\" \/>\n<link rel=\"canonical\" href=\"https:\/\/tepedino.adv.br\/areas-de-atuacao\/\" \/>\n<meta property=\"og:locale\" content=\"it_IT\" \/>\n<meta property=\"og:type\" content=\"article\" \/>\n<meta property=\"og:title\" content=\"Aree di Attuzione - Gustavo Tepedino Advogados\" \/>\n<meta property=\"og:description\" content=\"Pareri e opinioni legali Il socio fondatore Gustavo Tepedino, come pure gli altri professori membri dello studio, ha acquisito una vasta esperienza nell\u2019elaborazione di trattative, processi giudiziali e arbitrali, nazionali e internazionali, avendo una consolidata attuazione come expert witnesses. Tanto i pareri singolarmente quanto le opinioni legali elaborate dallo studio sono riferimento d\u2019appoggio rilevante per [&hellip;]\" \/>\n<meta property=\"og:url\" content=\"https:\/\/tepedino.adv.br\/areas-de-atuacao\/\" \/>\n<meta property=\"og:site_name\" content=\"Gustavo Tepedino Advogados\" \/>\n<meta property=\"article:modified_time\" content=\"2024-06-25T18:18:07+00:00\" \/>\n<meta name=\"twitter:card\" content=\"summary_large_image\" \/>\n<meta name=\"twitter:label1\" content=\"Tempo di lettura stimato\" \/>\n\t<meta name=\"twitter:data1\" content=\"2 minuti\" \/>\n<script type=\"application\/ld+json\" class=\"yoast-schema-graph\">{\"@context\":\"https:\\\/\\\/schema.org\",\"@graph\":[{\"@type\":\"WebPage\",\"@id\":\"https:\\\/\\\/tepedino.adv.br\\\/areas-de-atuacao\\\/\",\"url\":\"https:\\\/\\\/tepedino.adv.br\\\/areas-de-atuacao\\\/\",\"name\":\"Aree di Attuzione - Gustavo Tepedino Advogados\",\"isPartOf\":{\"@id\":\"https:\\\/\\\/tepedino.adv.br\\\/#website\"},\"datePublished\":\"2024-06-08T14:34:04+00:00\",\"dateModified\":\"2024-06-25T18:18:07+00:00\",\"breadcrumb\":{\"@id\":\"https:\\\/\\\/tepedino.adv.br\\\/areas-de-atuacao\\\/#breadcrumb\"},\"inLanguage\":\"it-IT\",\"potentialAction\":[{\"@type\":\"ReadAction\",\"target\":[\"https:\\\/\\\/tepedino.adv.br\\\/areas-de-atuacao\\\/\"]}]},{\"@type\":\"BreadcrumbList\",\"@id\":\"https:\\\/\\\/tepedino.adv.br\\\/areas-de-atuacao\\\/#breadcrumb\",\"itemListElement\":[{\"@type\":\"ListItem\",\"position\":1,\"name\":\"In\u00edcio\",\"item\":\"https:\\\/\\\/tepedino.adv.br\\\/\"},{\"@type\":\"ListItem\",\"position\":2,\"name\":\"Aree di Attuzione\"}]},{\"@type\":\"WebSite\",\"@id\":\"https:\\\/\\\/tepedino.adv.br\\\/#website\",\"url\":\"https:\\\/\\\/tepedino.adv.br\\\/\",\"name\":\"Gustavo Tepedino Advogados\",\"description\":\"Gustavo Tepedino Advogados tem como prop\u00f3sito oferecer solu\u00e7\u00f5es personalizadas, eficientes e de excel\u00eancia aos seus clientes, aliando elevado conhecimento t\u00e9cnico e consolidada experi\u00eancia na pr\u00e1tica da advocacia em mat\u00e9rias relacionadas especialmente ao direito civil e empresarial, nos \u00e2mbitos nacional e internacional.\",\"publisher\":{\"@id\":\"https:\\\/\\\/tepedino.adv.br\\\/#organization\"},\"potentialAction\":[{\"@type\":\"SearchAction\",\"target\":{\"@type\":\"EntryPoint\",\"urlTemplate\":\"https:\\\/\\\/tepedino.adv.br\\\/?s={search_term_string}\"},\"query-input\":{\"@type\":\"PropertyValueSpecification\",\"valueRequired\":true,\"valueName\":\"search_term_string\"}}],\"inLanguage\":\"it-IT\"},{\"@type\":\"Organization\",\"@id\":\"https:\\\/\\\/tepedino.adv.br\\\/#organization\",\"name\":\"Gustavo Tepedino Advogados\",\"url\":\"https:\\\/\\\/tepedino.adv.br\\\/\",\"logo\":{\"@type\":\"ImageObject\",\"inLanguage\":\"it-IT\",\"@id\":\"https:\\\/\\\/tepedino.adv.br\\\/#\\\/schema\\\/logo\\\/image\\\/\",\"url\":\"https:\\\/\\\/tepedino.adv.br\\\/site\\\/wp-content\\\/uploads\\\/2024\\\/07\\\/favicon.jpg\",\"contentUrl\":\"https:\\\/\\\/tepedino.adv.br\\\/site\\\/wp-content\\\/uploads\\\/2024\\\/07\\\/favicon.jpg\",\"width\":512,\"height\":512,\"caption\":\"Gustavo Tepedino Advogados\"},\"image\":{\"@id\":\"https:\\\/\\\/tepedino.adv.br\\\/#\\\/schema\\\/logo\\\/image\\\/\"},\"sameAs\":[\"https:\\\/\\\/br.linkedin.com\\\/company\\\/gustavo-tepedino-advogados\",\"https:\\\/\\\/www.instagram.com\\\/gustavotepedinoadv\\\/\"]}]}<\/script>\n<!-- \/ Yoast SEO plugin. -->","yoast_head_json":{"title":"Aree di Attuzione - Gustavo Tepedino Advogados","robots":{"index":"index","follow":"follow","max-snippet":"max-snippet:-1","max-image-preview":"max-image-preview:large","max-video-preview":"max-video-preview:-1"},"canonical":"https:\/\/tepedino.adv.br\/areas-de-atuacao\/","og_locale":"it_IT","og_type":"article","og_title":"Aree di Attuzione - Gustavo Tepedino Advogados","og_description":"Pareri e opinioni legali Il socio fondatore Gustavo Tepedino, come pure gli altri professori membri dello studio, ha acquisito una vasta esperienza nell\u2019elaborazione di trattative, processi giudiziali e arbitrali, nazionali e internazionali, avendo una consolidata attuazione come expert witnesses. Tanto i pareri singolarmente quanto le opinioni legali elaborate dallo studio sono riferimento d\u2019appoggio rilevante per [&hellip;]","og_url":"https:\/\/tepedino.adv.br\/areas-de-atuacao\/","og_site_name":"Gustavo Tepedino Advogados","article_modified_time":"2024-06-25T18:18:07+00:00","twitter_card":"summary_large_image","twitter_misc":{"Tempo di lettura stimato":"2 minuti"},"schema":{"@context":"https:\/\/schema.org","@graph":[{"@type":"WebPage","@id":"https:\/\/tepedino.adv.br\/areas-de-atuacao\/","url":"https:\/\/tepedino.adv.br\/areas-de-atuacao\/","name":"Aree di Attuzione - Gustavo Tepedino Advogados","isPartOf":{"@id":"https:\/\/tepedino.adv.br\/#website"},"datePublished":"2024-06-08T14:34:04+00:00","dateModified":"2024-06-25T18:18:07+00:00","breadcrumb":{"@id":"https:\/\/tepedino.adv.br\/areas-de-atuacao\/#breadcrumb"},"inLanguage":"it-IT","potentialAction":[{"@type":"ReadAction","target":["https:\/\/tepedino.adv.br\/areas-de-atuacao\/"]}]},{"@type":"BreadcrumbList","@id":"https:\/\/tepedino.adv.br\/areas-de-atuacao\/#breadcrumb","itemListElement":[{"@type":"ListItem","position":1,"name":"In\u00edcio","item":"https:\/\/tepedino.adv.br\/"},{"@type":"ListItem","position":2,"name":"Aree di Attuzione"}]},{"@type":"WebSite","@id":"https:\/\/tepedino.adv.br\/#website","url":"https:\/\/tepedino.adv.br\/","name":"Gustavo Tepedino Advogados","description":"Gustavo Tepedino Advogados tem como prop\u00f3sito oferecer solu\u00e7\u00f5es personalizadas, eficientes e de excel\u00eancia aos seus clientes, aliando elevado conhecimento t\u00e9cnico e consolidada experi\u00eancia na pr\u00e1tica da advocacia em mat\u00e9rias relacionadas especialmente ao direito civil e empresarial, nos \u00e2mbitos nacional e internacional.","publisher":{"@id":"https:\/\/tepedino.adv.br\/#organization"},"potentialAction":[{"@type":"SearchAction","target":{"@type":"EntryPoint","urlTemplate":"https:\/\/tepedino.adv.br\/?s={search_term_string}"},"query-input":{"@type":"PropertyValueSpecification","valueRequired":true,"valueName":"search_term_string"}}],"inLanguage":"it-IT"},{"@type":"Organization","@id":"https:\/\/tepedino.adv.br\/#organization","name":"Gustavo Tepedino Advogados","url":"https:\/\/tepedino.adv.br\/","logo":{"@type":"ImageObject","inLanguage":"it-IT","@id":"https:\/\/tepedino.adv.br\/#\/schema\/logo\/image\/","url":"https:\/\/tepedino.adv.br\/site\/wp-content\/uploads\/2024\/07\/favicon.jpg","contentUrl":"https:\/\/tepedino.adv.br\/site\/wp-content\/uploads\/2024\/07\/favicon.jpg","width":512,"height":512,"caption":"Gustavo Tepedino Advogados"},"image":{"@id":"https:\/\/tepedino.adv.br\/#\/schema\/logo\/image\/"},"sameAs":["https:\/\/br.linkedin.com\/company\/gustavo-tepedino-advogados","https:\/\/www.instagram.com\/gustavotepedinoadv\/"]}]}},"_links":{"self":[{"href":"https:\/\/tepedino.adv.br\/it\/wp-json\/wp\/v2\/pages\/482","targetHints":{"allow":["GET"]}}],"collection":[{"href":"https:\/\/tepedino.adv.br\/it\/wp-json\/wp\/v2\/pages"}],"about":[{"href":"https:\/\/tepedino.adv.br\/it\/wp-json\/wp\/v2\/types\/page"}],"author":[{"embeddable":true,"href":"https:\/\/tepedino.adv.br\/it\/wp-json\/wp\/v2\/users\/1"}],"replies":[{"embeddable":true,"href":"https:\/\/tepedino.adv.br\/it\/wp-json\/wp\/v2\/comments?post=482"}],"version-history":[{"count":7,"href":"https:\/\/tepedino.adv.br\/it\/wp-json\/wp\/v2\/pages\/482\/revisions"}],"predecessor-version":[{"id":619,"href":"https:\/\/tepedino.adv.br\/it\/wp-json\/wp\/v2\/pages\/482\/revisions\/619"}],"wp:attachment":[{"href":"https:\/\/tepedino.adv.br\/it\/wp-json\/wp\/v2\/media?parent=482"}],"curies":[{"name":"wp","href":"https:\/\/api.w.org\/{rel}","templated":true}]}}