{"id":464,"date":"2024-06-08T11:33:37","date_gmt":"2024-06-08T14:33:37","guid":{"rendered":"https:\/\/tepedino.adv.br\/site\/?page_id=464"},"modified":"2026-03-09T19:26:21","modified_gmt":"2026-03-09T22:26:21","slug":"lo-studio","status":"publish","type":"page","link":"https:\/\/tepedino.adv.br\/it\/lo-studio\/","title":{"rendered":"Lo Studio"},"content":{"rendered":"\t\t<div data-elementor-type=\"wp-page\" data-elementor-id=\"464\" class=\"elementor elementor-464 elementor-34\" data-elementor-settings=\"{&quot;ha_cmc_init_switcher&quot;:&quot;no&quot;}\" data-elementor-post-type=\"page\">\n\t\t\t\t<div class=\"elementor-element elementor-element-07ad11c e-flex e-con-boxed e-con e-parent\" data-id=\"07ad11c\" data-element_type=\"container\" data-e-type=\"container\" data-settings=\"{&quot;background_background&quot;:&quot;classic&quot;,&quot;_ha_eqh_enable&quot;:false}\">\n\t\t\t\t\t<div class=\"e-con-inner\">\n\t\t\t\t<div class=\"elementor-element elementor-element-e85ef98 elementor-widget elementor-widget-heading\" data-id=\"e85ef98\" data-element_type=\"widget\" data-e-type=\"widget\" data-widget_type=\"heading.default\">\n\t\t\t\t<div class=\"elementor-widget-container\">\n\t\t\t\t\t<h2 class=\"elementor-heading-title elementor-size-default\">Lo Studio<\/h2>\t\t\t\t<\/div>\n\t\t\t\t<\/div>\n\t\t\t\t\t<\/div>\n\t\t\t\t<\/div>\n\t\t<div class=\"elementor-element elementor-element-accccdc e-flex e-con-boxed e-con e-parent\" data-id=\"accccdc\" data-element_type=\"container\" data-e-type=\"container\" data-settings=\"{&quot;_ha_eqh_enable&quot;:false}\">\n\t\t\t\t\t<div class=\"e-con-inner\">\n\t\t<div class=\"elementor-element elementor-element-070c2cd e-con-full e-flex e-con e-child\" data-id=\"070c2cd\" data-element_type=\"container\" data-e-type=\"container\" data-settings=\"{&quot;_ha_eqh_enable&quot;:false}\">\n\t\t\t\t<div class=\"elementor-element elementor-element-2da25d7 elementor-widget elementor-widget-gallery\" data-id=\"2da25d7\" data-element_type=\"widget\" data-e-type=\"widget\" data-settings=\"{&quot;gallery_layout&quot;:&quot;justified&quot;,&quot;gap&quot;:{&quot;unit&quot;:&quot;px&quot;,&quot;size&quot;:17,&quot;sizes&quot;:[]},&quot;lazyload&quot;:&quot;yes&quot;,&quot;ideal_row_height&quot;:{&quot;unit&quot;:&quot;px&quot;,&quot;size&quot;:200,&quot;sizes&quot;:[]},&quot;ideal_row_height_tablet&quot;:{&quot;unit&quot;:&quot;px&quot;,&quot;size&quot;:150,&quot;sizes&quot;:[]},&quot;ideal_row_height_mobile&quot;:{&quot;unit&quot;:&quot;px&quot;,&quot;size&quot;:150,&quot;sizes&quot;:[]},&quot;gap_tablet&quot;:{&quot;unit&quot;:&quot;px&quot;,&quot;size&quot;:10,&quot;sizes&quot;:[]},&quot;gap_mobile&quot;:{&quot;unit&quot;:&quot;px&quot;,&quot;size&quot;:10,&quot;sizes&quot;:[]},&quot;link_to&quot;:&quot;file&quot;,&quot;overlay_background&quot;:&quot;yes&quot;,&quot;content_hover_animation&quot;:&quot;fade-in&quot;}\" data-widget_type=\"gallery.default\">\n\t\t\t\t<div class=\"elementor-widget-container\">\n\t\t\t\t\t\t\t<div class=\"elementor-gallery__container\">\n\t\t\t\t\t\t\t<a class=\"e-gallery-item elementor-gallery-item elementor-animated-content\" href=\"https:\/\/tepedino.adv.br\/site\/wp-content\/uploads\/2024\/06\/foto-5-o-escritorio.jpg\" data-elementor-open-lightbox=\"yes\" data-elementor-lightbox-slideshow=\"2da25d7\" data-elementor-lightbox-title=\"foto-5-o-escritorio\" data-e-action-hash=\"#elementor-action%3Aaction%3Dlightbox%26settings%3DeyJpZCI6MjcyLCJ1cmwiOiJodHRwczpcL1wvdGVwZWRpbm8uYWR2LmJyXC9zaXRlXC93cC1jb250ZW50XC91cGxvYWRzXC8yMDI0XC8wNlwvZm90by01LW8tZXNjcml0b3Jpby5qcGciLCJzbGlkZXNob3ciOiIyZGEyNWQ3In0%3D\">\n\t\t\t\t\t<div class=\"e-gallery-image elementor-gallery-item__image\" data-thumbnail=\"https:\/\/tepedino.adv.br\/site\/wp-content\/uploads\/2024\/06\/foto-5-o-escritorio-300x232.jpg\" data-width=\"300\" data-height=\"232\" aria-label=\"\" role=\"img\" ><\/div>\n\t\t\t\t\t\t\t\t\t\t\t<div class=\"elementor-gallery-item__overlay\"><\/div>\n\t\t\t\t\t\t\t\t\t\t\t\t\t\t<\/a>\n\t\t\t\t\t\t\t<a class=\"e-gallery-item elementor-gallery-item elementor-animated-content\" href=\"https:\/\/tepedino.adv.br\/site\/wp-content\/uploads\/2024\/06\/foto-6-o-escritorio.jpg\" data-elementor-open-lightbox=\"yes\" data-elementor-lightbox-slideshow=\"2da25d7\" data-elementor-lightbox-title=\"foto-6-o-escritorio\" data-e-action-hash=\"#elementor-action%3Aaction%3Dlightbox%26settings%3DeyJpZCI6Mjc1LCJ1cmwiOiJodHRwczpcL1wvdGVwZWRpbm8uYWR2LmJyXC9zaXRlXC93cC1jb250ZW50XC91cGxvYWRzXC8yMDI0XC8wNlwvZm90by02LW8tZXNjcml0b3Jpby5qcGciLCJzbGlkZXNob3ciOiIyZGEyNWQ3In0%3D\">\n\t\t\t\t\t<div class=\"e-gallery-image elementor-gallery-item__image\" data-thumbnail=\"https:\/\/tepedino.adv.br\/site\/wp-content\/uploads\/2024\/06\/foto-6-o-escritorio-236x300.jpg\" data-width=\"236\" data-height=\"300\" aria-label=\"\" role=\"img\" ><\/div>\n\t\t\t\t\t\t\t\t\t\t\t<div class=\"elementor-gallery-item__overlay\"><\/div>\n\t\t\t\t\t\t\t\t\t\t\t\t\t\t<\/a>\n\t\t\t\t\t\t\t<a class=\"e-gallery-item elementor-gallery-item elementor-animated-content\" href=\"https:\/\/tepedino.adv.br\/site\/wp-content\/uploads\/2024\/06\/foto-1-o-escritorio.jpg\" data-elementor-open-lightbox=\"yes\" data-elementor-lightbox-slideshow=\"2da25d7\" data-elementor-lightbox-title=\"foto-1-o-escritorio\" data-e-action-hash=\"#elementor-action%3Aaction%3Dlightbox%26settings%3DeyJpZCI6Mjc4LCJ1cmwiOiJodHRwczpcL1wvdGVwZWRpbm8uYWR2LmJyXC9zaXRlXC93cC1jb250ZW50XC91cGxvYWRzXC8yMDI0XC8wNlwvZm90by0xLW8tZXNjcml0b3Jpby5qcGciLCJzbGlkZXNob3ciOiIyZGEyNWQ3In0%3D\">\n\t\t\t\t\t<div class=\"e-gallery-image elementor-gallery-item__image\" data-thumbnail=\"https:\/\/tepedino.adv.br\/site\/wp-content\/uploads\/2024\/06\/foto-1-o-escritorio.jpg\" data-width=\"260\" data-height=\"255\" aria-label=\"\" role=\"img\" ><\/div>\n\t\t\t\t\t\t\t\t\t\t\t<div class=\"elementor-gallery-item__overlay\"><\/div>\n\t\t\t\t\t\t\t\t\t\t\t\t\t\t<\/a>\n\t\t\t\t\t\t\t<a class=\"e-gallery-item elementor-gallery-item elementor-animated-content\" href=\"https:\/\/tepedino.adv.br\/site\/wp-content\/uploads\/2024\/06\/foto-4-o-escritorio.jpg\" data-elementor-open-lightbox=\"yes\" data-elementor-lightbox-slideshow=\"2da25d7\" data-elementor-lightbox-title=\"foto-4-o-escritorio\" data-e-action-hash=\"#elementor-action%3Aaction%3Dlightbox%26settings%3DeyJpZCI6MjgxLCJ1cmwiOiJodHRwczpcL1wvdGVwZWRpbm8uYWR2LmJyXC9zaXRlXC93cC1jb250ZW50XC91cGxvYWRzXC8yMDI0XC8wNlwvZm90by00LW8tZXNjcml0b3Jpby5qcGciLCJzbGlkZXNob3ciOiIyZGEyNWQ3In0%3D\">\n\t\t\t\t\t<div class=\"e-gallery-image elementor-gallery-item__image\" data-thumbnail=\"https:\/\/tepedino.adv.br\/site\/wp-content\/uploads\/2024\/06\/foto-4-o-escritorio-208x300.jpg\" data-width=\"208\" data-height=\"300\" aria-label=\"\" role=\"img\" ><\/div>\n\t\t\t\t\t\t\t\t\t\t\t<div class=\"elementor-gallery-item__overlay\"><\/div>\n\t\t\t\t\t\t\t\t\t\t\t\t\t\t<\/a>\n\t\t\t\t\t\t\t<a class=\"e-gallery-item elementor-gallery-item elementor-animated-content\" href=\"https:\/\/tepedino.adv.br\/site\/wp-content\/uploads\/2024\/06\/foto-3-o-escritorio.jpg\" data-elementor-open-lightbox=\"yes\" data-elementor-lightbox-slideshow=\"2da25d7\" data-elementor-lightbox-title=\"foto-3-o-escritorio\" data-e-action-hash=\"#elementor-action%3Aaction%3Dlightbox%26settings%3DeyJpZCI6Mjg0LCJ1cmwiOiJodHRwczpcL1wvdGVwZWRpbm8uYWR2LmJyXC9zaXRlXC93cC1jb250ZW50XC91cGxvYWRzXC8yMDI0XC8wNlwvZm90by0zLW8tZXNjcml0b3Jpby5qcGciLCJzbGlkZXNob3ciOiIyZGEyNWQ3In0%3D\">\n\t\t\t\t\t<div class=\"e-gallery-image elementor-gallery-item__image\" data-thumbnail=\"https:\/\/tepedino.adv.br\/site\/wp-content\/uploads\/2024\/06\/foto-3-o-escritorio-231x300.jpg\" data-width=\"231\" data-height=\"300\" aria-label=\"\" role=\"img\" ><\/div>\n\t\t\t\t\t\t\t\t\t\t\t<div class=\"elementor-gallery-item__overlay\"><\/div>\n\t\t\t\t\t\t\t\t\t\t\t\t\t\t<\/a>\n\t\t\t\t\t\t\t<a class=\"e-gallery-item elementor-gallery-item elementor-animated-content\" href=\"https:\/\/tepedino.adv.br\/site\/wp-content\/uploads\/2024\/06\/foto-2-o-escritorio.jpg\" data-elementor-open-lightbox=\"yes\" data-elementor-lightbox-slideshow=\"2da25d7\" data-elementor-lightbox-title=\"foto-2-o-escritorio\" data-e-action-hash=\"#elementor-action%3Aaction%3Dlightbox%26settings%3DeyJpZCI6Mjg3LCJ1cmwiOiJodHRwczpcL1wvdGVwZWRpbm8uYWR2LmJyXC9zaXRlXC93cC1jb250ZW50XC91cGxvYWRzXC8yMDI0XC8wNlwvZm90by0yLW8tZXNjcml0b3Jpby5qcGciLCJzbGlkZXNob3ciOiIyZGEyNWQ3In0%3D\">\n\t\t\t\t\t<div class=\"e-gallery-image elementor-gallery-item__image\" data-thumbnail=\"https:\/\/tepedino.adv.br\/site\/wp-content\/uploads\/2024\/06\/foto-2-o-escritorio-300x219.jpg\" data-width=\"300\" data-height=\"219\" aria-label=\"\" role=\"img\" ><\/div>\n\t\t\t\t\t\t\t\t\t\t\t<div class=\"elementor-gallery-item__overlay\"><\/div>\n\t\t\t\t\t\t\t\t\t\t\t\t\t\t<\/a>\n\t\t\t\t\t<\/div>\n\t\t\t\t\t<\/div>\n\t\t\t\t<\/div>\n\t\t\t\t<\/div>\n\t\t<div class=\"elementor-element elementor-element-5f9d84e e-con-full e-flex e-con e-child\" data-id=\"5f9d84e\" data-element_type=\"container\" data-e-type=\"container\" data-settings=\"{&quot;_ha_eqh_enable&quot;:false}\">\n\t\t\t\t<div class=\"elementor-element elementor-element-cab2550 elementor-widget elementor-widget-text-editor\" data-id=\"cab2550\" data-element_type=\"widget\" data-e-type=\"widget\" data-widget_type=\"text-editor.default\">\n\t\t\t\t<div class=\"elementor-widget-container\">\n\t\t\t\t\t\t\t\t\t<h3><strong>Lo Studio<\/strong><\/h3><p>Lo Studio GTA \u2013 Gustavo Tepedino Advogados offre, sin dalla sua fondazione, soluzioni personalizzate ed efficaci ai suoi clienti, alleando l\u2019elevata conoscenza tecnica alla consolidata esperienza nella pratica avvocatizia.<\/p><p>Si distingue grazie alla sua attuazione in materie relative soprattutto al diritto civile e aziendale, e negli ambiti nazionali e internazionali.<\/p><p>GTA elabora, sviluppa e coordina strategie di diritto materiale e processuale che permettono di soddisfare in pieno gli interessi dei loro clienti, offrendo soluzioni agili e personalizzate alle loro domande e alle necessit\u00e0 di ogni affare o operazione. Nello stesso modo, GTA assiste i suoi clienti nella prevenzione e nella soluzione di conflitti.<\/p>\t\t\t\t\t\t\t\t<\/div>\n\t\t\t\t<\/div>\n\t\t\t\t<\/div>\n\t\t\t\t\t<\/div>\n\t\t\t\t<\/div>\n\t\t\t\t<\/div>\n\t\t","protected":false},"excerpt":{"rendered":"<p>Lo Studio Lo Studio GTA \u2013 Gustavo Tepedino Advogados offre, sin dalla sua fondazione, soluzioni personalizzate ed efficaci ai suoi clienti, alleando l\u2019elevata conoscenza tecnica alla consolidata esperienza nella pratica avvocatizia. Si distingue grazie alla sua attuazione in materie relative soprattutto al diritto civile e aziendale, e negli ambiti nazionali e internazionali. GTA elabora, sviluppa [&hellip;]<\/p>\n","protected":false},"author":1,"featured_media":0,"parent":0,"menu_order":0,"comment_status":"closed","ping_status":"closed","template":"","meta":{"footnotes":""},"class_list":["post-464","page","type-page","status-publish","hentry"],"yoast_head":"<!-- This site is optimized with the Yoast SEO plugin v27.5 - https:\/\/yoast.com\/product\/yoast-seo-wordpress\/ -->\n<title>Lo Studio - Gustavo Tepedino Advogados<\/title>\n<meta name=\"robots\" content=\"index, follow, max-snippet:-1, max-image-preview:large, max-video-preview:-1\" \/>\n<link rel=\"canonical\" href=\"https:\/\/tepedino.adv.br\/escritorio\/\" \/>\n<meta property=\"og:locale\" content=\"it_IT\" \/>\n<meta property=\"og:type\" content=\"article\" \/>\n<meta property=\"og:title\" content=\"Lo Studio - Gustavo Tepedino Advogados\" \/>\n<meta property=\"og:description\" content=\"Lo Studio Lo Studio GTA \u2013 Gustavo Tepedino Advogados offre, sin dalla sua fondazione, soluzioni personalizzate ed efficaci ai suoi clienti, alleando l\u2019elevata conoscenza tecnica alla consolidata esperienza nella pratica avvocatizia. Si distingue grazie alla sua attuazione in materie relative soprattutto al diritto civile e aziendale, e negli ambiti nazionali e internazionali. GTA elabora, sviluppa [&hellip;]\" \/>\n<meta property=\"og:url\" content=\"https:\/\/tepedino.adv.br\/escritorio\/\" \/>\n<meta property=\"og:site_name\" content=\"Gustavo Tepedino Advogados\" \/>\n<meta property=\"article:modified_time\" content=\"2026-03-09T22:26:21+00:00\" \/>\n<meta name=\"twitter:card\" content=\"summary_large_image\" \/>\n<meta name=\"twitter:label1\" content=\"Tempo di lettura stimato\" \/>\n\t<meta name=\"twitter:data1\" content=\"1 minuto\" \/>\n<script type=\"application\/ld+json\" class=\"yoast-schema-graph\">{\"@context\":\"https:\\\/\\\/schema.org\",\"@graph\":[{\"@type\":\"WebPage\",\"@id\":\"https:\\\/\\\/tepedino.adv.br\\\/escritorio\\\/\",\"url\":\"https:\\\/\\\/tepedino.adv.br\\\/escritorio\\\/\",\"name\":\"Lo Studio - Gustavo Tepedino Advogados\",\"isPartOf\":{\"@id\":\"https:\\\/\\\/tepedino.adv.br\\\/#website\"},\"datePublished\":\"2024-06-08T14:33:37+00:00\",\"dateModified\":\"2026-03-09T22:26:21+00:00\",\"breadcrumb\":{\"@id\":\"https:\\\/\\\/tepedino.adv.br\\\/escritorio\\\/#breadcrumb\"},\"inLanguage\":\"it-IT\",\"potentialAction\":[{\"@type\":\"ReadAction\",\"target\":[\"https:\\\/\\\/tepedino.adv.br\\\/escritorio\\\/\"]}]},{\"@type\":\"BreadcrumbList\",\"@id\":\"https:\\\/\\\/tepedino.adv.br\\\/escritorio\\\/#breadcrumb\",\"itemListElement\":[{\"@type\":\"ListItem\",\"position\":1,\"name\":\"In\u00edcio\",\"item\":\"https:\\\/\\\/tepedino.adv.br\\\/\"},{\"@type\":\"ListItem\",\"position\":2,\"name\":\"Lo Studio\"}]},{\"@type\":\"WebSite\",\"@id\":\"https:\\\/\\\/tepedino.adv.br\\\/#website\",\"url\":\"https:\\\/\\\/tepedino.adv.br\\\/\",\"name\":\"Gustavo Tepedino Advogados\",\"description\":\"Gustavo Tepedino Advogados tem como prop\u00f3sito oferecer solu\u00e7\u00f5es personalizadas, eficientes e de excel\u00eancia aos seus clientes, aliando elevado conhecimento t\u00e9cnico e consolidada experi\u00eancia na pr\u00e1tica da advocacia em mat\u00e9rias relacionadas especialmente ao direito civil e empresarial, nos \u00e2mbitos nacional e internacional.\",\"publisher\":{\"@id\":\"https:\\\/\\\/tepedino.adv.br\\\/#organization\"},\"potentialAction\":[{\"@type\":\"SearchAction\",\"target\":{\"@type\":\"EntryPoint\",\"urlTemplate\":\"https:\\\/\\\/tepedino.adv.br\\\/?s={search_term_string}\"},\"query-input\":{\"@type\":\"PropertyValueSpecification\",\"valueRequired\":true,\"valueName\":\"search_term_string\"}}],\"inLanguage\":\"it-IT\"},{\"@type\":\"Organization\",\"@id\":\"https:\\\/\\\/tepedino.adv.br\\\/#organization\",\"name\":\"Gustavo Tepedino Advogados\",\"url\":\"https:\\\/\\\/tepedino.adv.br\\\/\",\"logo\":{\"@type\":\"ImageObject\",\"inLanguage\":\"it-IT\",\"@id\":\"https:\\\/\\\/tepedino.adv.br\\\/#\\\/schema\\\/logo\\\/image\\\/\",\"url\":\"https:\\\/\\\/tepedino.adv.br\\\/site\\\/wp-content\\\/uploads\\\/2024\\\/07\\\/favicon.jpg\",\"contentUrl\":\"https:\\\/\\\/tepedino.adv.br\\\/site\\\/wp-content\\\/uploads\\\/2024\\\/07\\\/favicon.jpg\",\"width\":512,\"height\":512,\"caption\":\"Gustavo Tepedino Advogados\"},\"image\":{\"@id\":\"https:\\\/\\\/tepedino.adv.br\\\/#\\\/schema\\\/logo\\\/image\\\/\"},\"sameAs\":[\"https:\\\/\\\/br.linkedin.com\\\/company\\\/gustavo-tepedino-advogados\",\"https:\\\/\\\/www.instagram.com\\\/gustavotepedinoadv\\\/\"]}]}<\/script>\n<!-- \/ Yoast SEO plugin. -->","yoast_head_json":{"title":"Lo Studio - Gustavo Tepedino Advogados","robots":{"index":"index","follow":"follow","max-snippet":"max-snippet:-1","max-image-preview":"max-image-preview:large","max-video-preview":"max-video-preview:-1"},"canonical":"https:\/\/tepedino.adv.br\/escritorio\/","og_locale":"it_IT","og_type":"article","og_title":"Lo Studio - Gustavo Tepedino Advogados","og_description":"Lo Studio Lo Studio GTA \u2013 Gustavo Tepedino Advogados offre, sin dalla sua fondazione, soluzioni personalizzate ed efficaci ai suoi clienti, alleando l\u2019elevata conoscenza tecnica alla consolidata esperienza nella pratica avvocatizia. Si distingue grazie alla sua attuazione in materie relative soprattutto al diritto civile e aziendale, e negli ambiti nazionali e internazionali. GTA elabora, sviluppa [&hellip;]","og_url":"https:\/\/tepedino.adv.br\/escritorio\/","og_site_name":"Gustavo Tepedino Advogados","article_modified_time":"2026-03-09T22:26:21+00:00","twitter_card":"summary_large_image","twitter_misc":{"Tempo di lettura stimato":"1 minuto"},"schema":{"@context":"https:\/\/schema.org","@graph":[{"@type":"WebPage","@id":"https:\/\/tepedino.adv.br\/escritorio\/","url":"https:\/\/tepedino.adv.br\/escritorio\/","name":"Lo Studio - Gustavo Tepedino Advogados","isPartOf":{"@id":"https:\/\/tepedino.adv.br\/#website"},"datePublished":"2024-06-08T14:33:37+00:00","dateModified":"2026-03-09T22:26:21+00:00","breadcrumb":{"@id":"https:\/\/tepedino.adv.br\/escritorio\/#breadcrumb"},"inLanguage":"it-IT","potentialAction":[{"@type":"ReadAction","target":["https:\/\/tepedino.adv.br\/escritorio\/"]}]},{"@type":"BreadcrumbList","@id":"https:\/\/tepedino.adv.br\/escritorio\/#breadcrumb","itemListElement":[{"@type":"ListItem","position":1,"name":"In\u00edcio","item":"https:\/\/tepedino.adv.br\/"},{"@type":"ListItem","position":2,"name":"Lo Studio"}]},{"@type":"WebSite","@id":"https:\/\/tepedino.adv.br\/#website","url":"https:\/\/tepedino.adv.br\/","name":"Gustavo Tepedino Advogados","description":"Gustavo Tepedino Advogados tem como prop\u00f3sito oferecer solu\u00e7\u00f5es personalizadas, eficientes e de excel\u00eancia aos seus clientes, aliando elevado conhecimento t\u00e9cnico e consolidada experi\u00eancia na pr\u00e1tica da advocacia em mat\u00e9rias relacionadas especialmente ao direito civil e empresarial, nos \u00e2mbitos nacional e internacional.","publisher":{"@id":"https:\/\/tepedino.adv.br\/#organization"},"potentialAction":[{"@type":"SearchAction","target":{"@type":"EntryPoint","urlTemplate":"https:\/\/tepedino.adv.br\/?s={search_term_string}"},"query-input":{"@type":"PropertyValueSpecification","valueRequired":true,"valueName":"search_term_string"}}],"inLanguage":"it-IT"},{"@type":"Organization","@id":"https:\/\/tepedino.adv.br\/#organization","name":"Gustavo Tepedino Advogados","url":"https:\/\/tepedino.adv.br\/","logo":{"@type":"ImageObject","inLanguage":"it-IT","@id":"https:\/\/tepedino.adv.br\/#\/schema\/logo\/image\/","url":"https:\/\/tepedino.adv.br\/site\/wp-content\/uploads\/2024\/07\/favicon.jpg","contentUrl":"https:\/\/tepedino.adv.br\/site\/wp-content\/uploads\/2024\/07\/favicon.jpg","width":512,"height":512,"caption":"Gustavo Tepedino Advogados"},"image":{"@id":"https:\/\/tepedino.adv.br\/#\/schema\/logo\/image\/"},"sameAs":["https:\/\/br.linkedin.com\/company\/gustavo-tepedino-advogados","https:\/\/www.instagram.com\/gustavotepedinoadv\/"]}]}},"_links":{"self":[{"href":"https:\/\/tepedino.adv.br\/it\/wp-json\/wp\/v2\/pages\/464","targetHints":{"allow":["GET"]}}],"collection":[{"href":"https:\/\/tepedino.adv.br\/it\/wp-json\/wp\/v2\/pages"}],"about":[{"href":"https:\/\/tepedino.adv.br\/it\/wp-json\/wp\/v2\/types\/page"}],"author":[{"embeddable":true,"href":"https:\/\/tepedino.adv.br\/it\/wp-json\/wp\/v2\/users\/1"}],"replies":[{"embeddable":true,"href":"https:\/\/tepedino.adv.br\/it\/wp-json\/wp\/v2\/comments?post=464"}],"version-history":[{"count":7,"href":"https:\/\/tepedino.adv.br\/it\/wp-json\/wp\/v2\/pages\/464\/revisions"}],"predecessor-version":[{"id":962,"href":"https:\/\/tepedino.adv.br\/it\/wp-json\/wp\/v2\/pages\/464\/revisions\/962"}],"wp:attachment":[{"href":"https:\/\/tepedino.adv.br\/it\/wp-json\/wp\/v2\/media?parent=464"}],"curies":[{"name":"wp","href":"https:\/\/api.w.org\/{rel}","templated":true}]}}