{"id":477,"date":"2024-06-08T11:34:04","date_gmt":"2024-06-08T14:34:04","guid":{"rendered":"https:\/\/tepedino.adv.br\/site\/?page_id=477"},"modified":"2024-06-25T15:18:38","modified_gmt":"2024-06-25T18:18:38","slug":"expertise","status":"publish","type":"page","link":"https:\/\/tepedino.adv.br\/en\/expertise\/","title":{"rendered":"Expertise"},"content":{"rendered":"\t\t<div data-elementor-type=\"wp-page\" data-elementor-id=\"477\" class=\"elementor elementor-477 elementor-38\" data-elementor-settings=\"{&quot;ha_cmc_init_switcher&quot;:&quot;no&quot;}\" data-elementor-post-type=\"page\">\n\t\t\t\t<div class=\"elementor-element elementor-element-647c819 e-flex e-con-boxed e-con e-parent\" data-id=\"647c819\" data-element_type=\"container\" data-e-type=\"container\" data-settings=\"{&quot;background_background&quot;:&quot;classic&quot;,&quot;_ha_eqh_enable&quot;:false}\">\n\t\t\t\t\t<div class=\"e-con-inner\">\n\t\t\t\t<div class=\"elementor-element elementor-element-9f8c50f elementor-widget elementor-widget-heading\" data-id=\"9f8c50f\" data-element_type=\"widget\" data-e-type=\"widget\" data-widget_type=\"heading.default\">\n\t\t\t\t<div class=\"elementor-widget-container\">\n\t\t\t\t\t<h2 class=\"elementor-heading-title elementor-size-default\">Expertise<\/h2>\t\t\t\t<\/div>\n\t\t\t\t<\/div>\n\t\t\t\t\t<\/div>\n\t\t\t\t<\/div>\n\t\t<div class=\"elementor-element elementor-element-5510463 e-flex e-con-boxed e-con e-parent\" data-id=\"5510463\" data-element_type=\"container\" data-e-type=\"container\" data-settings=\"{&quot;_ha_eqh_enable&quot;:false}\">\n\t\t\t\t\t<div class=\"e-con-inner\">\n\t\t\t\t<div class=\"elementor-element elementor-element-2e65e1d elementor-widget elementor-widget-text-editor\" data-id=\"2e65e1d\" data-element_type=\"widget\" data-e-type=\"widget\" data-widget_type=\"text-editor.default\">\n\t\t\t\t<div class=\"elementor-widget-container\">\n\t\t\t\t\t\t\t\t\t<h3>Legal opinions<\/h3><p>Our founding partner Gustavo Tepedino, as well as the other professors in the firm, have gained wide experience in the drafting opinions in the context of negotiations, judicial and arbitration proceedings, nationally and internationally, with consolidated performance as expert witnesses. Both the individually signed legal opinions as well as those prepared by the firm have been a reference as relevant argumentative support for observing compliance rules, for conflict prevention, and for strategic arbitration and judicial litigation.<\/p>\t\t\t\t\t\t\t\t<\/div>\n\t\t\t\t<\/div>\n\t\t\t\t<div class=\"elementor-element elementor-element-a683204 elementor-widget elementor-widget-text-editor\" data-id=\"a683204\" data-element_type=\"widget\" data-e-type=\"widget\" data-widget_type=\"text-editor.default\">\n\t\t\t\t<div class=\"elementor-widget-container\">\n\t\t\t\t\t\t\t\t\t<h3>Mediation and Arbitration<\/h3><p>GTA has a consolidated performance in defending its clients in national and international mediation and arbitration proceedings. The law firm assists in drafting arbitral clauses; participates in the planning and execution of procedural and substantive strategies; provides legal advice, by issuing technical opinions and providing testimonies as expert witness. Our partner Gustavo Tepedino, as well as the other professors in the firm, have wide experience as mediator and arbitrator in national and international disputes.<\/p>\t\t\t\t\t\t\t\t<\/div>\n\t\t\t\t<\/div>\n\t\t\t\t<div class=\"elementor-element elementor-element-1dceebb elementor-widget elementor-widget-text-editor\" data-id=\"1dceebb\" data-element_type=\"widget\" data-e-type=\"widget\" data-widget_type=\"text-editor.default\">\n\t\t\t\t<div class=\"elementor-widget-container\">\n\t\t\t\t\t\t\t\t\t<h3>Strategic Litigation<\/h3><p>GTA has a wide experience in strategic litigation, especially in civil and business areas.<\/p><p>Its activities include defending clients before judicial and administrative bodies in all spheres and instances.<\/p><p>GTA assists in planning and implementing procedural and substantive strategies; constantly assesses the possibility and convenience of consensual dispute resolution; constantly monitors and discusses the progress of each case and its effects on the client\u2019s position.<\/p>\t\t\t\t\t\t\t\t<\/div>\n\t\t\t\t<\/div>\n\t\t\t\t<div class=\"elementor-element elementor-element-5cb0791 elementor-widget elementor-widget-text-editor\" data-id=\"5cb0791\" data-element_type=\"widget\" data-e-type=\"widget\" data-widget_type=\"text-editor.default\">\n\t\t\t\t<div class=\"elementor-widget-container\">\n\t\t\t\t\t\t\t\t\t<h3>Legal Consulting<\/h3><p>GTA has extensive experience in consulting, especially in civil and business matters. It drafts legal opinions to its clients, signed by its members, and also provides legal support for strategic business decision making. The law firm analyses risks related to current or future dispute; participates in negotiations; prepares and revises agreements; structures transactions; develops and revises compliance programs; advises on changes to comply with the Brazilian General Data Protection Law (LGPD), as well as other legislative innovations; and also conducts in-company training. The integration between the consulting and the litigation areas provides security to the client on different fronts. It also allows for anticipating the prospects of a possible litigation, in order to avoid it or reduce its scope.<\/p>\t\t\t\t\t\t\t\t<\/div>\n\t\t\t\t<\/div>\n\t\t\t\t<div class=\"elementor-element elementor-element-f82817f elementor-widget elementor-widget-text-editor\" data-id=\"f82817f\" data-element_type=\"widget\" data-e-type=\"widget\" data-widget_type=\"text-editor.default\">\n\t\t\t\t<div class=\"elementor-widget-container\">\n\t\t\t\t\t\t\t\t\t<h3>Among the practice areas of our firm, the following stand out:<\/h3><ul><li>Class actions<\/li><li>Legal consulting<\/li><li>Agribusiness<\/li><li>Arbitration<\/li><li>Compliance and personal data protection<\/li><li>E-contracts<\/li><li>Strategic civil and corporate litigation<\/li><li>Banking law and financial services<\/li><li>Real estate law<\/li><li>Preparation and restructuring of business and credit operations<\/li><li>Setting precedents in the courts<\/li><li>Corporate litigation<\/li><li>Financial and capital markets<\/li><li>Opinions<\/li><li>Credit recovery in and out of court<\/li><li>Conflict resolution and mediation<\/li><\/ul>\t\t\t\t\t\t\t\t<\/div>\n\t\t\t\t<\/div>\n\t\t\t\t\t<\/div>\n\t\t\t\t<\/div>\n\t\t\t\t<\/div>\n\t\t","protected":false},"excerpt":{"rendered":"<p>Legal opinions Our founding partner Gustavo Tepedino, as well as the other professors in the firm, have gained wide experience in the drafting opinions in the context of negotiations, judicial and arbitration proceedings, nationally and internationally, with consolidated performance as expert witnesses. Both the individually signed legal opinions as well as those prepared by the [&hellip;]<\/p>\n","protected":false},"author":1,"featured_media":0,"parent":0,"menu_order":0,"comment_status":"closed","ping_status":"closed","template":"","meta":{"footnotes":""},"class_list":["post-477","page","type-page","status-publish","hentry"],"yoast_head":"<!-- This site is optimized with the Yoast SEO plugin v27.4 - https:\/\/yoast.com\/product\/yoast-seo-wordpress\/ -->\n<title>Expertise - Gustavo Tepedino Advogados<\/title>\n<meta name=\"robots\" content=\"index, follow, max-snippet:-1, max-image-preview:large, max-video-preview:-1\" \/>\n<link rel=\"canonical\" href=\"https:\/\/tepedino.adv.br\/areas-de-atuacao\/\" \/>\n<meta property=\"og:locale\" content=\"en_US\" \/>\n<meta property=\"og:type\" content=\"article\" \/>\n<meta property=\"og:title\" content=\"Expertise - Gustavo Tepedino Advogados\" \/>\n<meta property=\"og:description\" content=\"Legal opinions Our founding partner Gustavo Tepedino, as well as the other professors in the firm, have gained wide experience in the drafting opinions in the context of negotiations, judicial and arbitration proceedings, nationally and internationally, with consolidated performance as expert witnesses. Both the individually signed legal opinions as well as those prepared by the [&hellip;]\" \/>\n<meta property=\"og:url\" content=\"https:\/\/tepedino.adv.br\/areas-de-atuacao\/\" \/>\n<meta property=\"og:site_name\" content=\"Gustavo Tepedino Advogados\" \/>\n<meta property=\"article:modified_time\" content=\"2024-06-25T18:18:38+00:00\" \/>\n<meta name=\"twitter:card\" content=\"summary_large_image\" \/>\n<meta name=\"twitter:label1\" content=\"Est. reading time\" \/>\n\t<meta name=\"twitter:data1\" content=\"2 minutes\" \/>\n<script type=\"application\/ld+json\" class=\"yoast-schema-graph\">{\"@context\":\"https:\\\/\\\/schema.org\",\"@graph\":[{\"@type\":\"WebPage\",\"@id\":\"https:\\\/\\\/tepedino.adv.br\\\/areas-de-atuacao\\\/\",\"url\":\"https:\\\/\\\/tepedino.adv.br\\\/areas-de-atuacao\\\/\",\"name\":\"Expertise - Gustavo Tepedino Advogados\",\"isPartOf\":{\"@id\":\"https:\\\/\\\/tepedino.adv.br\\\/#website\"},\"datePublished\":\"2024-06-08T14:34:04+00:00\",\"dateModified\":\"2024-06-25T18:18:38+00:00\",\"breadcrumb\":{\"@id\":\"https:\\\/\\\/tepedino.adv.br\\\/areas-de-atuacao\\\/#breadcrumb\"},\"inLanguage\":\"en-US\",\"potentialAction\":[{\"@type\":\"ReadAction\",\"target\":[\"https:\\\/\\\/tepedino.adv.br\\\/areas-de-atuacao\\\/\"]}]},{\"@type\":\"BreadcrumbList\",\"@id\":\"https:\\\/\\\/tepedino.adv.br\\\/areas-de-atuacao\\\/#breadcrumb\",\"itemListElement\":[{\"@type\":\"ListItem\",\"position\":1,\"name\":\"In\u00edcio\",\"item\":\"https:\\\/\\\/tepedino.adv.br\\\/\"},{\"@type\":\"ListItem\",\"position\":2,\"name\":\"Expertise\"}]},{\"@type\":\"WebSite\",\"@id\":\"https:\\\/\\\/tepedino.adv.br\\\/#website\",\"url\":\"https:\\\/\\\/tepedino.adv.br\\\/\",\"name\":\"Gustavo Tepedino Advogados\",\"description\":\"Gustavo Tepedino Advogados tem como prop\u00f3sito oferecer solu\u00e7\u00f5es personalizadas, eficientes e de excel\u00eancia aos seus clientes, aliando elevado conhecimento t\u00e9cnico e consolidada experi\u00eancia na pr\u00e1tica da advocacia em mat\u00e9rias relacionadas especialmente ao direito civil e empresarial, nos \u00e2mbitos nacional e internacional.\",\"publisher\":{\"@id\":\"https:\\\/\\\/tepedino.adv.br\\\/#organization\"},\"potentialAction\":[{\"@type\":\"SearchAction\",\"target\":{\"@type\":\"EntryPoint\",\"urlTemplate\":\"https:\\\/\\\/tepedino.adv.br\\\/?s={search_term_string}\"},\"query-input\":{\"@type\":\"PropertyValueSpecification\",\"valueRequired\":true,\"valueName\":\"search_term_string\"}}],\"inLanguage\":\"en-US\"},{\"@type\":\"Organization\",\"@id\":\"https:\\\/\\\/tepedino.adv.br\\\/#organization\",\"name\":\"Gustavo Tepedino Advogados\",\"url\":\"https:\\\/\\\/tepedino.adv.br\\\/\",\"logo\":{\"@type\":\"ImageObject\",\"inLanguage\":\"en-US\",\"@id\":\"https:\\\/\\\/tepedino.adv.br\\\/#\\\/schema\\\/logo\\\/image\\\/\",\"url\":\"https:\\\/\\\/tepedino.adv.br\\\/site\\\/wp-content\\\/uploads\\\/2024\\\/07\\\/favicon.jpg\",\"contentUrl\":\"https:\\\/\\\/tepedino.adv.br\\\/site\\\/wp-content\\\/uploads\\\/2024\\\/07\\\/favicon.jpg\",\"width\":512,\"height\":512,\"caption\":\"Gustavo Tepedino Advogados\"},\"image\":{\"@id\":\"https:\\\/\\\/tepedino.adv.br\\\/#\\\/schema\\\/logo\\\/image\\\/\"},\"sameAs\":[\"https:\\\/\\\/br.linkedin.com\\\/company\\\/gustavo-tepedino-advogados\",\"https:\\\/\\\/www.instagram.com\\\/gustavotepedinoadv\\\/\"]}]}<\/script>\n<!-- \/ Yoast SEO plugin. -->","yoast_head_json":{"title":"Expertise - Gustavo Tepedino Advogados","robots":{"index":"index","follow":"follow","max-snippet":"max-snippet:-1","max-image-preview":"max-image-preview:large","max-video-preview":"max-video-preview:-1"},"canonical":"https:\/\/tepedino.adv.br\/areas-de-atuacao\/","og_locale":"en_US","og_type":"article","og_title":"Expertise - Gustavo Tepedino Advogados","og_description":"Legal opinions Our founding partner Gustavo Tepedino, as well as the other professors in the firm, have gained wide experience in the drafting opinions in the context of negotiations, judicial and arbitration proceedings, nationally and internationally, with consolidated performance as expert witnesses. Both the individually signed legal opinions as well as those prepared by the [&hellip;]","og_url":"https:\/\/tepedino.adv.br\/areas-de-atuacao\/","og_site_name":"Gustavo Tepedino Advogados","article_modified_time":"2024-06-25T18:18:38+00:00","twitter_card":"summary_large_image","twitter_misc":{"Est. reading time":"2 minutes"},"schema":{"@context":"https:\/\/schema.org","@graph":[{"@type":"WebPage","@id":"https:\/\/tepedino.adv.br\/areas-de-atuacao\/","url":"https:\/\/tepedino.adv.br\/areas-de-atuacao\/","name":"Expertise - Gustavo Tepedino Advogados","isPartOf":{"@id":"https:\/\/tepedino.adv.br\/#website"},"datePublished":"2024-06-08T14:34:04+00:00","dateModified":"2024-06-25T18:18:38+00:00","breadcrumb":{"@id":"https:\/\/tepedino.adv.br\/areas-de-atuacao\/#breadcrumb"},"inLanguage":"en-US","potentialAction":[{"@type":"ReadAction","target":["https:\/\/tepedino.adv.br\/areas-de-atuacao\/"]}]},{"@type":"BreadcrumbList","@id":"https:\/\/tepedino.adv.br\/areas-de-atuacao\/#breadcrumb","itemListElement":[{"@type":"ListItem","position":1,"name":"In\u00edcio","item":"https:\/\/tepedino.adv.br\/"},{"@type":"ListItem","position":2,"name":"Expertise"}]},{"@type":"WebSite","@id":"https:\/\/tepedino.adv.br\/#website","url":"https:\/\/tepedino.adv.br\/","name":"Gustavo Tepedino Advogados","description":"Gustavo Tepedino Advogados tem como prop\u00f3sito oferecer solu\u00e7\u00f5es personalizadas, eficientes e de excel\u00eancia aos seus clientes, aliando elevado conhecimento t\u00e9cnico e consolidada experi\u00eancia na pr\u00e1tica da advocacia em mat\u00e9rias relacionadas especialmente ao direito civil e empresarial, nos \u00e2mbitos nacional e internacional.","publisher":{"@id":"https:\/\/tepedino.adv.br\/#organization"},"potentialAction":[{"@type":"SearchAction","target":{"@type":"EntryPoint","urlTemplate":"https:\/\/tepedino.adv.br\/?s={search_term_string}"},"query-input":{"@type":"PropertyValueSpecification","valueRequired":true,"valueName":"search_term_string"}}],"inLanguage":"en-US"},{"@type":"Organization","@id":"https:\/\/tepedino.adv.br\/#organization","name":"Gustavo Tepedino Advogados","url":"https:\/\/tepedino.adv.br\/","logo":{"@type":"ImageObject","inLanguage":"en-US","@id":"https:\/\/tepedino.adv.br\/#\/schema\/logo\/image\/","url":"https:\/\/tepedino.adv.br\/site\/wp-content\/uploads\/2024\/07\/favicon.jpg","contentUrl":"https:\/\/tepedino.adv.br\/site\/wp-content\/uploads\/2024\/07\/favicon.jpg","width":512,"height":512,"caption":"Gustavo Tepedino Advogados"},"image":{"@id":"https:\/\/tepedino.adv.br\/#\/schema\/logo\/image\/"},"sameAs":["https:\/\/br.linkedin.com\/company\/gustavo-tepedino-advogados","https:\/\/www.instagram.com\/gustavotepedinoadv\/"]}]}},"_links":{"self":[{"href":"https:\/\/tepedino.adv.br\/en\/wp-json\/wp\/v2\/pages\/477","targetHints":{"allow":["GET"]}}],"collection":[{"href":"https:\/\/tepedino.adv.br\/en\/wp-json\/wp\/v2\/pages"}],"about":[{"href":"https:\/\/tepedino.adv.br\/en\/wp-json\/wp\/v2\/types\/page"}],"author":[{"embeddable":true,"href":"https:\/\/tepedino.adv.br\/en\/wp-json\/wp\/v2\/users\/1"}],"replies":[{"embeddable":true,"href":"https:\/\/tepedino.adv.br\/en\/wp-json\/wp\/v2\/comments?post=477"}],"version-history":[{"count":7,"href":"https:\/\/tepedino.adv.br\/en\/wp-json\/wp\/v2\/pages\/477\/revisions"}],"predecessor-version":[{"id":622,"href":"https:\/\/tepedino.adv.br\/en\/wp-json\/wp\/v2\/pages\/477\/revisions\/622"}],"wp:attachment":[{"href":"https:\/\/tepedino.adv.br\/en\/wp-json\/wp\/v2\/media?parent=477"}],"curies":[{"name":"wp","href":"https:\/\/api.w.org\/{rel}","templated":true}]}}